{"id":8,"date":"2018-07-03T06:08:41","date_gmt":"2018-07-03T06:08:41","guid":{"rendered":"http:\/\/pomoc-it.eu\/?page_id=8"},"modified":"2024-02-01T10:47:58","modified_gmt":"2024-02-01T08:47:58","slug":"home","status":"publish","type":"page","link":"https:\/\/pomoc-it.eu\/","title":{"rendered":"Start"},"content":{"rendered":"<h1>Witaj na stronie zdalnej pomocy przez Internet !<\/h1>\n<p>Wystarczy pobra\u0107 <a href=\"https:\/\/pomoc-it.eu\/TeamViewerQS.exe\">program TeamViewer dla Windows<\/a>, uruchomi\u0107 i poda\u0107 wsparciu <strong>Twoje\u00a0ID<\/strong>\u00a0wy\u015bwietlone w oknie <a href=\"https:\/\/pomoc-it.eu\/TeamViewerQS.exe\">programu TeamViewer (dla Windows)<\/a>.<\/p>\n<p><a href=\"https:\/\/pomoc-it.eu\/TeamViewerQS.exe\"><img loading=\"lazy\" decoding=\"async\" class=\"wp-image-24 size-medium alignleft\" src=\"https:\/\/pomoc-it.eu\/wp-content\/uploads\/2018\/07\/preview-203x300.png\" alt=\"\" width=\"203\" height=\"300\" srcset=\"https:\/\/pomoc-it.eu\/wp-content\/uploads\/2018\/07\/preview-203x300.png 203w, https:\/\/pomoc-it.eu\/wp-content\/uploads\/2018\/07\/preview.png 272w\" sizes=\"auto, (max-width: 203px) 100vw, 203px\" \/><strong><span style=\"color: #0000ff;\">PO\u0141\u0104CZ ZE ZDALNYM WSPARCIEM (dla Windows)<\/span><\/strong><\/a><\/p>\n<p><span style=\"text-decoration: underline;\">Program TeamViewer gwarantuje bezpieczne po\u0142\u0105czenie i nie wymaga instalacji &#8211; wystarczy go tylko uruchomi\u0107.<\/span><\/p>\n","protected":false},"excerpt":{"rendered":"<p>Witaj na stronie zdalnej pomocy przez Internet ! Wystarczy pobra\u0107 program TeamViewer dla Windows, uruchomi\u0107 i poda\u0107 wsparciu Twoje\u00a0ID\u00a0wy\u015bwietlone w oknie programu TeamViewer (dla Windows). PO\u0141\u0104CZ ZE ZDALNYM WSPARCIEM (dla Windows) Program TeamViewer gwarantuje bezpieczne po\u0142\u0105czenie i nie wymaga instalacji &#8211; wystarczy go tylko uruchomi\u0107.<\/p>\n","protected":false},"author":1,"featured_media":0,"parent":0,"menu_order":0,"comment_status":"closed","ping_status":"closed","template":"","meta":{"footnotes":""},"class_list":["post-8","page","type-page","status-publish","hentry"],"_links":{"self":[{"href":"https:\/\/pomoc-it.eu\/index.php\/wp-json\/wp\/v2\/pages\/8","targetHints":{"allow":["GET"]}}],"collection":[{"href":"https:\/\/pomoc-it.eu\/index.php\/wp-json\/wp\/v2\/pages"}],"about":[{"href":"https:\/\/pomoc-it.eu\/index.php\/wp-json\/wp\/v2\/types\/page"}],"author":[{"embeddable":true,"href":"https:\/\/pomoc-it.eu\/index.php\/wp-json\/wp\/v2\/users\/1"}],"replies":[{"embeddable":true,"href":"https:\/\/pomoc-it.eu\/index.php\/wp-json\/wp\/v2\/comments?post=8"}],"version-history":[{"count":10,"href":"https:\/\/pomoc-it.eu\/index.php\/wp-json\/wp\/v2\/pages\/8\/revisions"}],"predecessor-version":[{"id":108,"href":"https:\/\/pomoc-it.eu\/index.php\/wp-json\/wp\/v2\/pages\/8\/revisions\/108"}],"wp:attachment":[{"href":"https:\/\/pomoc-it.eu\/index.php\/wp-json\/wp\/v2\/media?parent=8"}],"curies":[{"name":"wp","href":"https:\/\/api.w.org\/{rel}","templated":true}]}}