{"id":3,"date":"2018-07-03T05:57:09","date_gmt":"2018-07-03T05:57:09","guid":{"rendered":"http:\/\/pomoc-it.eu\/?page_id=3"},"modified":"2018-07-03T12:45:50","modified_gmt":"2018-07-03T10:45:50","slug":"privacy-policy","status":"publish","type":"page","link":"https:\/\/pomoc-it.eu\/index.php\/privacy-policy\/","title":{"rendered":"Polityka prywatno\u015bci"},"content":{"rendered":"<h2>Kim jeste\u015bmy<\/h2>\n<p>Specjalizujemy si\u0119 w zdalnych us\u0142ugach IT, tworzeniu system\u00f3w intranetowych, baz danych, wirtualizacji &#8211;\u00a0 w skr\u00f3cie: outsourcing IT.<\/p>\n<p>Nasz adres strony to: https:\/\/pomoc-it.eu.<\/p>\n<h2>Jakie dane zbieramy i dlaczego<\/h2>\n<p>Na tej stronie nie zbieramy \u017cadnych danych osobowych. Zbieramy dane wy\u0142\u0105cznie na potrzeby wystawienia faktury VAT po zako\u0144czonej us\u0142udze udzielonego wsparcia technicznego.<\/p>\n<h3>Ciasteczka &#8211; Cookies<\/h3>\n<p>Pliki &#8222;cookies&#8221; lub po polsku &#8222;ciasteczek&#8221; s\u0105 wykorzystywane tylko na potrzeby dzia\u0142ania tej strony. Nie zawieraj\u0105 \u017cadnych danych osobowych i nie s\u0105\u00a0 profilowane. Pliki wygasaj\u0105 po 1 dniu.<\/p>\n","protected":false},"excerpt":{"rendered":"<p>Kim jeste\u015bmy Specjalizujemy si\u0119 w zdalnych us\u0142ugach IT, tworzeniu system\u00f3w intranetowych, baz danych, wirtualizacji &#8211;\u00a0 w skr\u00f3cie: outsourcing IT. Nasz adres strony to: https:\/\/pomoc-it.eu. Jakie dane zbieramy i dlaczego Na tej stronie nie zbieramy \u017cadnych danych osobowych. Zbieramy dane wy\u0142\u0105cznie na potrzeby wystawienia faktury VAT po zako\u0144czonej us\u0142udze udzielonego wsparcia technicznego. Ciasteczka &#8211; Cookies Pliki &hellip; <\/p>\n<p class=\"link-more\"><a href=\"https:\/\/pomoc-it.eu\/index.php\/privacy-policy\/\" class=\"more-link\">Czytaj dalej<span class=\"screen-reader-text\"> \u201ePolityka prywatno\u015bci\u201d<\/span><\/a><\/p>\n","protected":false},"author":1,"featured_media":0,"parent":0,"menu_order":0,"comment_status":"closed","ping_status":"open","template":"","meta":{"footnotes":""},"class_list":["post-3","page","type-page","status-publish","hentry"],"_links":{"self":[{"href":"https:\/\/pomoc-it.eu\/index.php\/wp-json\/wp\/v2\/pages\/3","targetHints":{"allow":["GET"]}}],"collection":[{"href":"https:\/\/pomoc-it.eu\/index.php\/wp-json\/wp\/v2\/pages"}],"about":[{"href":"https:\/\/pomoc-it.eu\/index.php\/wp-json\/wp\/v2\/types\/page"}],"author":[{"embeddable":true,"href":"https:\/\/pomoc-it.eu\/index.php\/wp-json\/wp\/v2\/users\/1"}],"replies":[{"embeddable":true,"href":"https:\/\/pomoc-it.eu\/index.php\/wp-json\/wp\/v2\/comments?post=3"}],"version-history":[{"count":3,"href":"https:\/\/pomoc-it.eu\/index.php\/wp-json\/wp\/v2\/pages\/3\/revisions"}],"predecessor-version":[{"id":73,"href":"https:\/\/pomoc-it.eu\/index.php\/wp-json\/wp\/v2\/pages\/3\/revisions\/73"}],"wp:attachment":[{"href":"https:\/\/pomoc-it.eu\/index.php\/wp-json\/wp\/v2\/media?parent=3"}],"curies":[{"name":"wp","href":"https:\/\/api.w.org\/{rel}","templated":true}]}}